{"id":3293,"date":"2025-05-19T08:16:26","date_gmt":"2025-05-19T08:16:26","guid":{"rendered":"https:\/\/gesunde-gestaltung.de\/?page_id=3293"},"modified":"2025-05-19T08:17:52","modified_gmt":"2025-05-19T08:17:52","slug":"rehn-groenendijk_literatur","status":"publish","type":"page","link":"https:\/\/gesunde-gestaltung.de\/en_us\/wer\/rehn-groenendijk_literatur\/","title":{"rendered":"Rehn-Groenendijk_Literatur"},"content":{"rendered":"<div class=\"fusion-fullwidth fullwidth-box fusion-builder-row-1 fusion-flex-container has-pattern-background has-mask-background nonhundred-percent-fullwidth non-hundred-percent-height-scrolling\" style=\"--awb-border-radius-top-left:0px;--awb-border-radius-top-right:0px;--awb-border-radius-bottom-right:0px;--awb-border-radius-bottom-left:0px;\" ><div class=\"fusion-builder-row fusion-row fusion-flex-align-items-flex-start\" style=\"max-width:1248px;margin-left: calc(-4% \/ 2 );margin-right: calc(-4% \/ 2 );\"><div class=\"fusion-layout-column fusion_builder_column fusion-builder-column-0 fusion_builder_column_1_1 1_1 fusion-flex-column\" style=\"--awb-bg-size:cover;--awb-width-large:100%;--awb-spacing-right-large:1.92%;--awb-spacing-left-large:1.92%;--awb-width-medium:100%;--awb-order-medium:0;--awb-spacing-right-medium:1.92%;--awb-spacing-left-medium:1.92%;--awb-width-small:100%;--awb-order-small:0;--awb-spacing-right-small:1.92%;--awb-spacing-left-small:1.92%;\"><div class=\"fusion-column-wrapper fusion-column-has-shadow fusion-flex-justify-content-flex-start fusion-content-layout-column\"><div class=\"fusion-title title fusion-title-1 fusion-sep-none fusion-title-text fusion-title-size-one\"><h1 class=\"title-heading-left\" style=\"margin:0;\"><p><strong>Literaturverzeichnis<\/strong><\/p>\n<p>Dr. Jonas Rehn-Groenendijk<\/p><\/h1><\/div><div class=\"fusion-text fusion-text-1\"><p><strong>Wissenschaftliche Ver\u00f6ffentlichungen<\/strong><\/p>\n<p>Rehn-Groenendijk, Jonas; M\u00fcller, Helena (2025): Gestaltungsans\u00e4tze f\u00fcr die Gesundheitsf\u00f6rderung<br \/>\nin der Postmoderne. In: B\u00f6ddeker, Marina; Hehlmann, Thomas (Hg.): Gesundheit in der Postmoderne. Transdisziplin\u00e4re Perspektiven auf Public Health. 1. Auflage. Bielefeld: Transcript (Gesundheit, Kommunikation und Gesellschaft, 1). S. 193-210. Online verf\u00fcgbar unter https:\/\/www.transcript-verlag.de\/978-3-8376-6584-0\/gesundheit-in-der-postmoderne\/?number=978-3-8394-6584-4.<\/p>\n<p>M\u00fcller, Helena; Rehn-Groenendijk, Jonas (2024): Increasing impact for sustainable development: Environmental psychology in transformative research. In: Umweltpsychologie.<\/p>\n<p>Eisen, Charis; Schenten, Julian; Theis, Anna; Rehn-Groenendijk, Jonas; Helferich, Marvin; M\u00fcller, Helena; Hanss, Daniel (in Review): Towards system innovation for more sustainable chemistry: Insights into consumers\u2018 perceptions, knowledge, and behavior related to traceability and product design strategies along leather supply chains.<\/p>\n<p>F\u00fchr, Martin; Schenten, Julian; Rehn-Groenendijk, Jonas; Kleihauer, Silke (2023): Shifting global Leather Supply Chains towards more Sustainable Chemistry: A Contribution from Transdisciplinary Research. In: Jennifer Blank, Claudia Bergm\u00fcller und Sonja S\u00e4lzle (Hg.): Transformationsanspruch in Forschung und Bildung. Konzepte, Projekte, empirische Perspektiven: Waxmann Verlag GmbH.<\/p>\n<p>Rehn-Groenendijk, Jonas; Schuster, Kai; M\u00fcller, Helena; Chrysikou, Evangelia (2023): A process to foster pathology-related effects of design primes. How orthopedic patients might benefit from design features that influence health behaviour intention. In: Frontiers in psychology (14), S. 1211563. DOI: 10.3389\/fpsyg.2023.1211563.<\/p>\n<p>M\u00fcller, Helena; Rehn-Groenendijk, Jonas; Wasmer, Anna (2023): Small-scale urban design interventions: A framework for deploying cities as resource for mental health and mental health literacy. In: Frontiers in Psychology. DOI: 10.3389\/fpsyg.2023.1112209.<\/p>\n<p>Rehn-Groenendijk, Jonas; Lehmann, Karen; Schenten, Julian (Hg.) (2022): Handbook of Leather Design for Sustainable Development. A systemic transdisciplinary approach. Darmstadt: Darmstadt University of Applied Sciences.<\/p>\n<p>Rehn-Groenendijk, Jonas; Chrysikou, Evangelia; M\u00fcller, Helena (2022): Everyday objects as therapeutic elements in psychiatric wards: a theoretical design framework to strengthen patients\u2019 valorization and control. In: Design for Health, S. 1-16. DOI: 10.1080\/24735132.2022.2143157.<\/p>\n<p>M\u00fcller, Helena; Rehn-Groenendijk, Jonas; Wasmer, Anna; Chrysikou, Evangelia (2022): 6.O. Workshop: Urban design interventions for fostering mental health and mental health literacy. In: European Journal of Public Health 32 (Supplement_3), Artikel ckac129.394. DOI: 10.1093\/eurpub\/ckac129.394.<\/p>\n<p>M\u00fcller, H.; Rehn-Groenendijk, J.; Wasmer, A. (2022): Risk factors and potentials for fostering mental health and wellbeing in urban space. In: European Journal of Public Health 32 (Supplement_3), Artikel ckac129.395. DOI: 10.1093\/eurpub\/ckac129.395.<\/p>\n<p>Wasmer, A.; M\u00fcller, H.; Rehn-Groenendijk, J. (2022): Potentials of participatory approaches for urban mental health. In: European Journal of Public Health 32 (Supplement_3), Artikel ckac129.396. DOI: 10.1093\/eurpub\/ckac129.396.<\/p>\n<p>Rehn, J.; M\u00fcller, H.; Wasmer, A.; Chrysikou, E. (2022): Design strategies to influence health behaviour and mental wellbeing in the urban setting. In: European Journal of Public Health 32 (Supplement_3), Artikel ckac129.397. DOI: 10.1093\/eurpub\/ckac129.397.<\/p>\n<p>Chrysikou, Evangelia; M\u00fcller, Helena; Rehn, Jonas (2021): 11.P. Skills building seminar: Co-design workshop on reducing institutionalisation in mental health facilities by everyday objects. In: European Journal of Public Health 31 (Supplement_3). DOI: 10.1093\/eurpub\/ckab164.870.<\/p>\n<p>Rehn, J.; Schuster, K. (2021): Design primes to change health behaviour &#8211; Using aesthetic features for health behaviour change. In: European Journal of Public Health 31 (Supplement_3). DOI: 10.1093\/eurpub\/ckab164.344.<\/p>\n<p>Rehn, J. (2021): Using daily objects as material primes of valorisation and control in psychiatric facilities. In: European Journal of Public Health 31 (Supplement_3). DOI: 10.1093\/eurpub\/ckab164.873.<\/p>\n<p>Rehn, Jonas (2021): Leather Product Design Canvas for Sustainable Development. Hochschule Darmstadt. DOI: 10.48444\/h_docs-pub-253.<\/p>\n<p>Schenten, Julian; Rehn, Jonas (2021): A Theory of Change (ToC) supporting the visioning of a sustainable supply chain. Beitrag im Portal \u201eSCNAT wissen &#8211; Methoden und Werkzeuge f\u00fcr die Koproduktion von Wissen\u201c. Akademien der Wissenschaften Schweiz Netzwerk f\u00fcr transdisziplin\u00e4re Forschung (td-net). Online verf\u00fcgbar unter https:\/\/naturwissenschaften.ch\/co-producing-knowledge-explained\/practical_experiences\/theory_of_change, zuletzt gepr\u00fcft am 22.03.2021.<\/p>\n<p>Rehn, J.; Chrysikou, E. (2020): Developing concepts for early mental health prevention and treatment using the built environment. In: European Journal of Public Health 30 (Supplement_5). DOI: 10.1093\/eurpub\/ckaa165.977.<\/p>\n<p>Chrysikou, E.; Rehn, J.; Savvopoulou, E.; Petelos, E. (2020): Ecopsychosocial environments for health and mental health. In: European Journal of Public Health 30 (Supplement_5). DOI: 10.1093\/eurpub\/ckaa165.974.<\/p>\n<p>Rehn, Jonas (2020): Das Unbekannte als L\u00f6sungsstrategie. Designmethodologische Betrachtung von Prozessen in Richtung einer nachhaltigen Entwicklung. Darmstadt: Sonderforschungsgruppe Institutionenanalyse (Sofia-Diskussionsbeitr\u00e4ge zur Institutionenanalyse, 20-3). Online verf\u00fcgbar unter https:\/\/www.sofia-darmstadt.de\/fileadmin\/Dokumente\/Diskussion\/2020\/Netzversion_Rehn_Unbekannte.pdf.<\/p>\n<p>Rehn, Jonas (2020): System Innovations in Design for Aging. A Research-Driven Multi-Stakeholder Framework for Transforming Health Systems. EGen 2019.<\/p>\n<p>Rehn, Jonas (2019): Empirische Designforschung und gesundheitsf\u00f6rdernde Gestaltung. In: Gabriel D\u00f6rner (Hg.): \u00c4sthetik der heilsamen Orte. Positionen zur Gesundheitsarchitektur. Weimar: LUCIA-Verlag, S. 156-170.<\/p>\n<p>Rehn, Jonas (2019): Gesunde Gestaltung. Priming- und Placebo-Effekte als gesundheitsverhaltenswirksame empiriegest\u00fctzte Gestaltungsmethodik. Springer Fachmedien Wiesbaden.<\/p>\n<p>Rehn, Jonas (2018): Design model for health behaviour change. In: Christer Kirsty, Claire Craig und Dan Wolstenholme (Hg.): Proceedings of the 5th European International Conference on Design4Health. Sheffield, UK, 4th \u2013 6th September 2018: Sheffield Hallam University.<\/p>\n<p>Schuster, Kai; Rehn, Jonas (2018): Gesunde Landschaften. In: Stefanie Hennecke, Harald Kegler, Kirsten Klaczynski und Daniel M\u00fcnderlein (Hg.): Diedrich Bruns wird gelehrt haben. Eine Festschrift. Kassel, Hess: Kassel University Press, S. 103-112.<\/p>\n<p>Rehn, Jonas (2018): Design f\u00fcr K\u00f6rper und Geist. In: form 61 (279), S. 60-66.<\/p>\n<p>Rehn, Jonas und Schuster, Kai (2017): Clinic Design as Placebo \u2013 Using Design to Promote Healing and Support Treatments. In: Behavioral Sciences. Nov. DOI10.3390\/bs7040077<\/p>\n<p>Rehn, Jonas (2017): Design Quo Vadis? Future Visions. In: form 60 (274), S. 83-98.<\/p>\n<p>Rehn, Jonas (2017): Quantified Health. In: form 60 (275), S. 46-51.<\/p>\n<p>Rehn, Jonas (2017): Designer Quo Vadis? The Specialised Holist. In: form feature. Revisitng the Past.Special Issue (2), S. 142-148,<\/p>\n<p>Rehn, Jonas (2017): Material wirkt. In: form 60 (271), S. 112.<\/p>\n<p>Rehn, Jonas (2015): Gesundheit gestalten. In: form (261), S. 35-45.<\/p>\n<p>Rehn, Jonas (2015): Design Education Meets Health &#8211; Architectur. Interview mit Roger Ulrich. In: form 58 (261), S. 47.<\/p>\n<p>Rehn, Jonas (2015): Designer am Forschungsinstitut. In: form 58 (258), S. 78-83.<\/p>\n<p>Rehn, Jonas (2014): Industriedesignausbildung &#8211; The Dutch style. In: form 57 (252), S. 66-73.<\/p>\n<p>Rehn, Jonas (2014): Design braucht Wissenschaft. In: form 57 (251), S. 72-75.<\/p>\n<p><strong>Redaktionelle Beitr\u00e4ge im Rahmen der beruflichen T\u00e4tigkeit bei JP Global Markets GmbH<\/strong><\/p>\n<p>Rehn, Jonas (2018): Fachkompetenz und digitale interaktive Lernformate f\u00fcr den Fitnesssektor. In: Bodymedia 3, S. 105-106.<\/p>\n<p>Rehn, Jonas (2017): Jeder Topf hat seinen Deckel. Zur Verbesserung des Gesundheitsverhaltens muss das Tool zum Kunden passen. In: medical fitness and healthcare 1, S. 30-31.<\/p>\n<p>Rehn, Jonas (2016): Design f\u00fcr Gesundheitsdienstleister &#8211; mehr als nur Styling. In: medical fitness<br \/>\nand healthcare 2, S. 56-57.<\/p>\n<p>Rehn, Jonas (2015): Studio-Design wirkt motivierend. In: Bodymedia 6, S. 70-72.<\/p>\n<p>Rehn, Jonas (2014): Die Quantifizierung des Menschen. In: Bodymedia 6, S. 56-58.<\/p>\n<p><strong>Wissenschaftliche Poster<\/strong><\/p>\n<p>Rehn-Groenendijk, Jonas; Niebler, Rebecca; M\u00fcller, Helena; F\u00fchr, Martin; Silke Kleihauer (2024):<br \/>\nChanging complex systems from within. Insights on the design, implementation and evaluation of two subsequent transformative projects applying the Transment Approach. ITD2024 Inter- and Transdisciplinarity Beyond Buzzwords: Educational Pathways for Sustainable Research Collaborations 4.-8.11.2024, Utrecht, Niederlande.<\/p>\n<p>Kleihauer, Silke; Niebler, Rebecca; F\u00fchr, Martin; M\u00fcller, Helena; Schweikert, Maximilian, Rehn-Groenendijk, Jonas; Albers, Vivien (2023): The Transment Approach.Towards Sustainable Development. Wissenschaftsforum Darmstadt. 16.11.2023.<\/p>\n<p>Rehn, Jonas; M\u00fcller, Helena; Chrysikou, Evangelia (2021): Everyday objects as therapeutic elements in psychiatric wards &#8211; How to reduce institutionalisation in mental health facilities. European Healthcare Design Conference 2021. DOI: 10.13140\/RG.2.2.19194.41926.<\/p>\n<p>Rehn, Jonas (2021): The bigger picture for healthcare design &#8211; Using evidence-based design and co-creation to develop more effective concepts for the healthcare system. European Healthcare Design Conference 2021. DOI: 10.13140\/RG.2.2.12483.53280 .<\/p>\n<p>Rehn, Jonas (2021): Leather Product Design Canvas for Sustainable Development. Darmstadt University of Applied Sciences. Germany. DOI: 10.48444\/h_docs-pub-253.<\/p>\n<p>Rehn, Jonas (2019): System der gesundheitsf\u00f6rdernden Gestaltung. OnlinePlus-Material zu: Jonas Rehn: Gesunde Gestaltung \u00a9 Springer Fachmedien. Wiesbaden.<\/p>\n<\/div><\/div><\/div><\/div><\/div>","protected":false},"excerpt":{"rendered":"","protected":false},"author":1,"featured_media":0,"parent":1601,"menu_order":0,"comment_status":"closed","ping_status":"closed","template":"","meta":{"footnotes":""},"class_list":["post-3293","page","type-page","status-publish","hentry"],"_links":{"self":[{"href":"https:\/\/gesunde-gestaltung.de\/en_us\/wp-json\/wp\/v2\/pages\/3293","targetHints":{"allow":["GET"]}}],"collection":[{"href":"https:\/\/gesunde-gestaltung.de\/en_us\/wp-json\/wp\/v2\/pages"}],"about":[{"href":"https:\/\/gesunde-gestaltung.de\/en_us\/wp-json\/wp\/v2\/types\/page"}],"author":[{"embeddable":true,"href":"https:\/\/gesunde-gestaltung.de\/en_us\/wp-json\/wp\/v2\/users\/1"}],"replies":[{"embeddable":true,"href":"https:\/\/gesunde-gestaltung.de\/en_us\/wp-json\/wp\/v2\/comments?post=3293"}],"version-history":[{"count":4,"href":"https:\/\/gesunde-gestaltung.de\/en_us\/wp-json\/wp\/v2\/pages\/3293\/revisions"}],"predecessor-version":[{"id":3297,"href":"https:\/\/gesunde-gestaltung.de\/en_us\/wp-json\/wp\/v2\/pages\/3293\/revisions\/3297"}],"up":[{"embeddable":true,"href":"https:\/\/gesunde-gestaltung.de\/en_us\/wp-json\/wp\/v2\/pages\/1601"}],"wp:attachment":[{"href":"https:\/\/gesunde-gestaltung.de\/en_us\/wp-json\/wp\/v2\/media?parent=3293"}],"curies":[{"name":"wp","href":"https:\/\/api.w.org\/{rel}","templated":true}]}}