{"id":2981,"date":"2025-02-28T14:00:59","date_gmt":"2025-02-28T14:00:59","guid":{"rendered":"https:\/\/gesunde-gestaltung.de\/?page_id=2981"},"modified":"2025-09-19T09:08:52","modified_gmt":"2025-09-19T09:08:52","slug":"gestalttherapeutische-praxis","status":"publish","type":"page","link":"https:\/\/gesunde-gestaltung.de\/en_us\/projekte\/gestalttherapeutische-praxis\/","title":{"rendered":"Gestalttherapeutische Praxis"},"content":{"rendered":"<p><div class=\"fusion-fullwidth fullwidth-box fusion-builder-row-1 fusion-flex-container has-pattern-background has-mask-background nonhundred-percent-fullwidth non-hundred-percent-height-scrolling\" style=\"--awb-border-radius-top-left:0px;--awb-border-radius-top-right:0px;--awb-border-radius-bottom-right:0px;--awb-border-radius-bottom-left:0px;\" ><div class=\"fusion-builder-row fusion-row fusion-flex-align-items-flex-start\" style=\"max-width:1248px;margin-left: calc(-4% \/ 2 );margin-right: calc(-4% \/ 2 );\"><div class=\"fusion-layout-column fusion_builder_column fusion-builder-column-0 fusion_builder_column_3_4 3_4 fusion-flex-column\" style=\"--awb-bg-size:cover;--awb-width-large:75%;--awb-spacing-right-large:2.56%;--awb-spacing-left-large:2.56%;--awb-width-medium:75%;--awb-order-medium:0;--awb-spacing-right-medium:2.56%;--awb-spacing-left-medium:2.56%;--awb-width-small:100%;--awb-order-small:0;--awb-spacing-right-small:1.92%;--awb-spacing-left-small:1.92%;\"><div class=\"fusion-column-wrapper fusion-column-has-shadow fusion-flex-justify-content-flex-start fusion-content-layout-column\"><div class=\"fusion-title title fusion-title-1 fusion-sep-none fusion-title-text fusion-title-size-one\"><h1 class=\"title-heading-left\" style=\"margin:0;\">Entwurf einer Praxis f\u00fcr gestalttherapeutisches Coaching<\/h1><\/div><div class=\"fusion-text fusion-text-1\"><p>F\u00fcr eine Praxis f\u00fcr gestalttherapeutisches Coaching wurde ein Haupttherapieraum mit multifunktionalem Nebenraum und Erschlie\u00dfungskonzept evidenzbasiert entworfen. Dabei standen vor allem die konkrete psychotherapeutische Arbeitsweise der Therapeutin und damit verbundene Konstrukte wie Selbstwirksamkeitserwartung und Sichterheit im Zentrum der Betrachtung.<\/p>\n<p>Ausgangspunkt des Entwurfs war die umfassende Betrachtung der konkreten Anforderungen bez\u00fcglich der individuellen Coaching-Arbeitsweise. Hierbei waren ben\u00f6tigte Materialen und Abl\u00e4ufe ebenso von Bedeutung wie die Werte der Gestaltung-Coachin selbst. In einem iterativen Entwurfsprozess wurden neben diesen empirischen Befunden der aktuelle Stand der Forschung zur gebauten Umwelt in diesem Kontext ber\u00fccksichtigt.<\/p>\n<\/div><div class=\"fusion-image-element\"><span class=\"fusion-imageframe imageframe-none imageframe-1 hover-type-none\"><img decoding=\"async\" width=\"1920\" height=\"1080\" title=\"2024_12_03 &#8211; Praxis Sandra_Nebenraum_mit Licht\" src=\"https:\/\/gesunde-gestaltung.de\/wp-content\/uploads\/2025\/02\/2024_12_03-Praxis-Sandra_Nebenraum_mit-Licht.jpg\" alt class=\"img-responsive wp-image-2978\" srcset=\"https:\/\/gesunde-gestaltung.de\/wp-content\/uploads\/2025\/02\/2024_12_03-Praxis-Sandra_Nebenraum_mit-Licht-200x113.jpg 200w, https:\/\/gesunde-gestaltung.de\/wp-content\/uploads\/2025\/02\/2024_12_03-Praxis-Sandra_Nebenraum_mit-Licht-400x225.jpg 400w, https:\/\/gesunde-gestaltung.de\/wp-content\/uploads\/2025\/02\/2024_12_03-Praxis-Sandra_Nebenraum_mit-Licht-600x338.jpg 600w, https:\/\/gesunde-gestaltung.de\/wp-content\/uploads\/2025\/02\/2024_12_03-Praxis-Sandra_Nebenraum_mit-Licht-800x450.jpg 800w, https:\/\/gesunde-gestaltung.de\/wp-content\/uploads\/2025\/02\/2024_12_03-Praxis-Sandra_Nebenraum_mit-Licht-1200x675.jpg 1200w, https:\/\/gesunde-gestaltung.de\/wp-content\/uploads\/2025\/02\/2024_12_03-Praxis-Sandra_Nebenraum_mit-Licht.jpg 1920w\" sizes=\"(max-width: 640px) 100vw, 1200px\" \/><\/span><\/div><div class=\"fusion-text fusion-text-2\" style=\"--awb-margin-top:30px;\"><p>Der Nebenraum stellte bei diesem Projekt eine besondere gestalterische Gelegenheit dar, da er Potential f\u00fcr verschiedene coaching-basierte wie administrative Funktionen erf\u00fcllen konnte. In einem explorativen Entwurf wurde der Raum auch als multifunktionaler K\u00f6rperarbeitsraum erprobt, wobei die Raumqualit\u00e4ten bewusst auf Aspekte wie Privatsph\u00e4re und Stimulikontrolle hin ausgerichtet wurden.<\/p>\n<p>Die Bauliche Umsetzung des Gesamtentwurfs wurde vom Designinstitut sowohl im Hinblick auf passende Produkte und Materialien als auch in Einzelfallentscheidungen mit Blick auf die relevante Studienlage begleitet.<\/p>\n<\/div><\/div><\/div><div class=\"fusion-layout-column fusion_builder_column fusion-builder-column-1 awb-sticky awb-sticky-small awb-sticky-medium awb-sticky-large fusion_builder_column_1_4 1_4 fusion-flex-column\" style=\"--awb-bg-color:rgba(119,193,153,0.5);--awb-bg-size:cover;--awb-width-large:25%;--awb-spacing-right-large:7.68%;--awb-spacing-left-large:7.68%;--awb-width-medium:25%;--awb-order-medium:0;--awb-spacing-right-medium:7.68%;--awb-spacing-left-medium:7.68%;--awb-width-small:100%;--awb-order-small:0;--awb-spacing-right-small:1.92%;--awb-spacing-left-small:1.92%;\"><div class=\"fusion-column-wrapper fusion-column-has-shadow fusion-flex-justify-content-flex-start fusion-content-layout-column\"><div class=\"fusion-text fusion-text-3\"><p><strong>Project responsibility:<\/strong> Dr. M\u00fcller &amp; Dr. Rehn-Groenendijk<\/p>\n<p><strong>Duration:<\/strong> 2024<\/p>\n<p><strong>For:<\/strong> Praxis Sandra M\u00fcller<\/p>\n<p><strong>Contribution:<\/strong><\/p>\n<ul>\n<li>Exploratives Interview<\/li>\n<li>Bed\u00fcrfnisermittlung<\/li>\n<li>Evidenzbasierter iterativer Entwurf<\/li>\n<li>Beratende Begleitung der baulichen Umsetzung<\/li>\n<\/ul>\n<\/div><\/div><\/div><\/div><\/div><div class=\"fusion-fullwidth fullwidth-box fusion-builder-row-2 fusion-flex-container has-pattern-background has-mask-background nonhundred-percent-fullwidth non-hundred-percent-height-scrolling\" style=\"--awb-border-radius-top-left:0px;--awb-border-radius-top-right:0px;--awb-border-radius-bottom-right:0px;--awb-border-radius-bottom-left:0px;--awb-padding-top:30px;\" ><div class=\"fusion-builder-row fusion-row fusion-flex-align-items-flex-start\" style=\"max-width:1248px;margin-left: calc(-4% \/ 2 );margin-right: calc(-4% \/ 2 );\"><div class=\"fusion-layout-column fusion_builder_column fusion-builder-column-2 fusion_builder_column_1_1 1_1 fusion-flex-column\" style=\"--awb-bg-size:cover;--awb-width-large:100%;--awb-spacing-right-large:1.92%;--awb-spacing-left-large:1.92%;--awb-width-medium:100%;--awb-order-medium:0;--awb-spacing-right-medium:1.92%;--awb-spacing-left-medium:1.92%;--awb-width-small:100%;--awb-order-small:0;--awb-spacing-right-small:1.92%;--awb-spacing-left-small:1.92%;\"><div class=\"fusion-column-wrapper fusion-column-has-shadow fusion-flex-justify-content-flex-start fusion-content-layout-column\"><div class=\"fusion-title title fusion-title-2 fusion-sep-none fusion-title-text fusion-title-size-one\"><h1 class=\"title-heading-left\" style=\"margin:0;\">Bauliche Umsetzung<\/h1><\/div><div class=\"fusion-text fusion-text-4\"><p>Die bauliche Umsetzung wurde mit Blick auf eine bed\u00fcrfnisorientierte und evidenzbasierte Gestaltung begleitet. Dabei wurden zahlreiche Detail-Entscheidungen unter Ber\u00fccksichtigung der individuellen therapeutischen Arbeitsweise und lokalen Gegebenheiten informiert.<\/p>\n<\/div><\/div><\/div><\/div><\/div><div class=\"fusion-fullwidth fullwidth-box fusion-builder-row-3 fusion-flex-container has-pattern-background has-mask-background nonhundred-percent-fullwidth non-hundred-percent-height-scrolling\" style=\"--awb-border-radius-top-left:0px;--awb-border-radius-top-right:0px;--awb-border-radius-bottom-right:0px;--awb-border-radius-bottom-left:0px;\" ><div class=\"fusion-builder-row fusion-row fusion-flex-align-items-flex-start\" style=\"max-width:1248px;margin-left: calc(-4% \/ 2 );margin-right: calc(-4% \/ 2 );\"><div class=\"fusion-layout-column fusion_builder_column fusion-builder-column-3 fusion_builder_column_1_2 1_2 fusion-flex-column\" style=\"--awb-bg-size:cover;--awb-width-large:50%;--awb-spacing-right-large:3.84%;--awb-spacing-left-large:3.84%;--awb-width-medium:50%;--awb-order-medium:0;--awb-spacing-right-medium:3.84%;--awb-spacing-left-medium:3.84%;--awb-width-small:100%;--awb-order-small:0;--awb-spacing-right-small:1.92%;--awb-spacing-left-small:1.92%;\"><div class=\"fusion-column-wrapper fusion-column-has-shadow fusion-flex-justify-content-flex-start fusion-content-layout-column\"><div class=\"fusion-image-element\"><span class=\"fusion-imageframe imageframe-none imageframe-2 hover-type-none\"><img decoding=\"async\" width=\"2560\" height=\"1707\" title=\"DSC_0481\" src=\"https:\/\/gesunde-gestaltung.de\/wp-content\/uploads\/2025\/09\/DSC_0481-scaled.jpg\" alt class=\"img-responsive wp-image-3349\" srcset=\"https:\/\/gesunde-gestaltung.de\/wp-content\/uploads\/2025\/09\/DSC_0481-200x133.jpg 200w, https:\/\/gesunde-gestaltung.de\/wp-content\/uploads\/2025\/09\/DSC_0481-400x267.jpg 400w, https:\/\/gesunde-gestaltung.de\/wp-content\/uploads\/2025\/09\/DSC_0481-600x400.jpg 600w, https:\/\/gesunde-gestaltung.de\/wp-content\/uploads\/2025\/09\/DSC_0481-800x533.jpg 800w, https:\/\/gesunde-gestaltung.de\/wp-content\/uploads\/2025\/09\/DSC_0481-1200x800.jpg 1200w, https:\/\/gesunde-gestaltung.de\/wp-content\/uploads\/2025\/09\/DSC_0481-scaled.jpg 2560w\" sizes=\"(max-width: 640px) 100vw, 600px\" \/><\/span><\/div><\/div><\/div><div class=\"fusion-layout-column fusion_builder_column fusion-builder-column-4 fusion_builder_column_1_2 1_2 fusion-flex-column\" style=\"--awb-bg-size:cover;--awb-width-large:50%;--awb-spacing-right-large:3.84%;--awb-spacing-left-large:3.84%;--awb-width-medium:50%;--awb-order-medium:0;--awb-spacing-right-medium:3.84%;--awb-spacing-left-medium:3.84%;--awb-width-small:100%;--awb-order-small:0;--awb-spacing-right-small:1.92%;--awb-spacing-left-small:1.92%;\"><div class=\"fusion-column-wrapper fusion-column-has-shadow fusion-flex-justify-content-flex-start fusion-content-layout-column\"><div class=\"fusion-image-element\"><span class=\"fusion-imageframe imageframe-none imageframe-3 hover-type-none\"><img decoding=\"async\" width=\"2560\" height=\"1707\" title=\"DSC_0502\" src=\"https:\/\/gesunde-gestaltung.de\/wp-content\/uploads\/2025\/09\/DSC_0502-scaled.jpg\" alt class=\"img-responsive wp-image-3350\" srcset=\"https:\/\/gesunde-gestaltung.de\/wp-content\/uploads\/2025\/09\/DSC_0502-200x133.jpg 200w, https:\/\/gesunde-gestaltung.de\/wp-content\/uploads\/2025\/09\/DSC_0502-400x267.jpg 400w, https:\/\/gesunde-gestaltung.de\/wp-content\/uploads\/2025\/09\/DSC_0502-600x400.jpg 600w, https:\/\/gesunde-gestaltung.de\/wp-content\/uploads\/2025\/09\/DSC_0502-800x533.jpg 800w, https:\/\/gesunde-gestaltung.de\/wp-content\/uploads\/2025\/09\/DSC_0502-1200x800.jpg 1200w, https:\/\/gesunde-gestaltung.de\/wp-content\/uploads\/2025\/09\/DSC_0502-scaled.jpg 2560w\" sizes=\"(max-width: 640px) 100vw, 600px\" \/><\/span><\/div><\/div><\/div><\/div><\/div><div class=\"fusion-fullwidth fullwidth-box fusion-builder-row-4 fusion-flex-container has-pattern-background has-mask-background nonhundred-percent-fullwidth non-hundred-percent-height-scrolling\" style=\"--awb-border-radius-top-left:0px;--awb-border-radius-top-right:0px;--awb-border-radius-bottom-right:0px;--awb-border-radius-bottom-left:0px;\" ><div class=\"fusion-builder-row fusion-row fusion-flex-align-items-flex-start\" style=\"max-width:1248px;margin-left: calc(-4% \/ 2 );margin-right: calc(-4% \/ 2 );\"><div class=\"fusion-layout-column fusion_builder_column fusion-builder-column-5 fusion_builder_column_1_3 1_3 fusion-flex-column\" style=\"--awb-bg-size:cover;--awb-width-large:33.333333333333%;--awb-spacing-right-large:5.76%;--awb-spacing-left-large:5.76%;--awb-width-medium:33.333333333333%;--awb-order-medium:0;--awb-spacing-right-medium:5.76%;--awb-spacing-left-medium:5.76%;--awb-width-small:100%;--awb-order-small:0;--awb-spacing-right-small:1.92%;--awb-spacing-left-small:1.92%;\"><div class=\"fusion-column-wrapper fusion-column-has-shadow fusion-flex-justify-content-flex-start fusion-content-layout-column\"><div class=\"fusion-image-element\"><span class=\"fusion-imageframe imageframe-none imageframe-4 hover-type-none\"><img decoding=\"async\" width=\"2560\" height=\"1707\" title=\"DSC_0529\" src=\"https:\/\/gesunde-gestaltung.de\/wp-content\/uploads\/2025\/09\/DSC_0529-scaled.jpg\" alt class=\"img-responsive wp-image-3351\" srcset=\"https:\/\/gesunde-gestaltung.de\/wp-content\/uploads\/2025\/09\/DSC_0529-200x133.jpg 200w, https:\/\/gesunde-gestaltung.de\/wp-content\/uploads\/2025\/09\/DSC_0529-400x267.jpg 400w, https:\/\/gesunde-gestaltung.de\/wp-content\/uploads\/2025\/09\/DSC_0529-600x400.jpg 600w, https:\/\/gesunde-gestaltung.de\/wp-content\/uploads\/2025\/09\/DSC_0529-800x533.jpg 800w, https:\/\/gesunde-gestaltung.de\/wp-content\/uploads\/2025\/09\/DSC_0529-1200x800.jpg 1200w, https:\/\/gesunde-gestaltung.de\/wp-content\/uploads\/2025\/09\/DSC_0529-scaled.jpg 2560w\" sizes=\"(max-width: 640px) 100vw, 400px\" \/><\/span><\/div><\/div><\/div><div class=\"fusion-layout-column fusion_builder_column fusion-builder-column-6 fusion_builder_column_1_3 1_3 fusion-flex-column\" style=\"--awb-bg-size:cover;--awb-width-large:33.333333333333%;--awb-spacing-right-large:5.76%;--awb-spacing-left-large:5.76%;--awb-width-medium:33.333333333333%;--awb-order-medium:0;--awb-spacing-right-medium:5.76%;--awb-spacing-left-medium:5.76%;--awb-width-small:100%;--awb-order-small:0;--awb-spacing-right-small:1.92%;--awb-spacing-left-small:1.92%;\"><div class=\"fusion-column-wrapper fusion-column-has-shadow fusion-flex-justify-content-flex-start fusion-content-layout-column\"><div class=\"fusion-image-element\"><span class=\"fusion-imageframe imageframe-none imageframe-5 hover-type-none\"><img decoding=\"async\" width=\"2560\" height=\"1707\" title=\"DSC_0426\" src=\"https:\/\/gesunde-gestaltung.de\/wp-content\/uploads\/2025\/09\/DSC_0426-scaled.jpg\" alt class=\"img-responsive wp-image-3347\" srcset=\"https:\/\/gesunde-gestaltung.de\/wp-content\/uploads\/2025\/09\/DSC_0426-200x133.jpg 200w, https:\/\/gesunde-gestaltung.de\/wp-content\/uploads\/2025\/09\/DSC_0426-400x267.jpg 400w, https:\/\/gesunde-gestaltung.de\/wp-content\/uploads\/2025\/09\/DSC_0426-600x400.jpg 600w, https:\/\/gesunde-gestaltung.de\/wp-content\/uploads\/2025\/09\/DSC_0426-800x533.jpg 800w, https:\/\/gesunde-gestaltung.de\/wp-content\/uploads\/2025\/09\/DSC_0426-1200x800.jpg 1200w, https:\/\/gesunde-gestaltung.de\/wp-content\/uploads\/2025\/09\/DSC_0426-scaled.jpg 2560w\" sizes=\"(max-width: 640px) 100vw, 400px\" \/><\/span><\/div><\/div><\/div><div class=\"fusion-layout-column fusion_builder_column fusion-builder-column-7 fusion_builder_column_1_3 1_3 fusion-flex-column\" style=\"--awb-bg-size:cover;--awb-width-large:33.333333333333%;--awb-spacing-right-large:5.76%;--awb-spacing-left-large:5.76%;--awb-width-medium:33.333333333333%;--awb-order-medium:0;--awb-spacing-right-medium:5.76%;--awb-spacing-left-medium:5.76%;--awb-width-small:100%;--awb-order-small:0;--awb-spacing-right-small:1.92%;--awb-spacing-left-small:1.92%;\"><div class=\"fusion-column-wrapper fusion-column-has-shadow fusion-flex-justify-content-flex-start fusion-content-layout-column\"><div class=\"fusion-image-element\"><span class=\"fusion-imageframe imageframe-none imageframe-6 hover-type-none\"><img decoding=\"async\" width=\"2560\" height=\"1707\" title=\"DSC_0462\" src=\"https:\/\/gesunde-gestaltung.de\/wp-content\/uploads\/2025\/09\/DSC_0462-scaled.jpg\" alt class=\"img-responsive wp-image-3357\" srcset=\"https:\/\/gesunde-gestaltung.de\/wp-content\/uploads\/2025\/09\/DSC_0462-200x133.jpg 200w, https:\/\/gesunde-gestaltung.de\/wp-content\/uploads\/2025\/09\/DSC_0462-400x267.jpg 400w, https:\/\/gesunde-gestaltung.de\/wp-content\/uploads\/2025\/09\/DSC_0462-600x400.jpg 600w, https:\/\/gesunde-gestaltung.de\/wp-content\/uploads\/2025\/09\/DSC_0462-800x533.jpg 800w, https:\/\/gesunde-gestaltung.de\/wp-content\/uploads\/2025\/09\/DSC_0462-1200x800.jpg 1200w, https:\/\/gesunde-gestaltung.de\/wp-content\/uploads\/2025\/09\/DSC_0462-scaled.jpg 2560w\" sizes=\"(max-width: 640px) 100vw, 400px\" \/><\/span><\/div><\/div><\/div><\/div><\/div><\/p>","protected":false},"excerpt":{"rendered":"","protected":false},"author":1,"featured_media":2976,"parent":2428,"menu_order":0,"comment_status":"closed","ping_status":"closed","template":"","meta":{"footnotes":""},"class_list":["post-2981","page","type-page","status-publish","has-post-thumbnail","hentry"],"_links":{"self":[{"href":"https:\/\/gesunde-gestaltung.de\/en_us\/wp-json\/wp\/v2\/pages\/2981","targetHints":{"allow":["GET"]}}],"collection":[{"href":"https:\/\/gesunde-gestaltung.de\/en_us\/wp-json\/wp\/v2\/pages"}],"about":[{"href":"https:\/\/gesunde-gestaltung.de\/en_us\/wp-json\/wp\/v2\/types\/page"}],"author":[{"embeddable":true,"href":"https:\/\/gesunde-gestaltung.de\/en_us\/wp-json\/wp\/v2\/users\/1"}],"replies":[{"embeddable":true,"href":"https:\/\/gesunde-gestaltung.de\/en_us\/wp-json\/wp\/v2\/comments?post=2981"}],"version-history":[{"count":14,"href":"https:\/\/gesunde-gestaltung.de\/en_us\/wp-json\/wp\/v2\/pages\/2981\/revisions"}],"predecessor-version":[{"id":3359,"href":"https:\/\/gesunde-gestaltung.de\/en_us\/wp-json\/wp\/v2\/pages\/2981\/revisions\/3359"}],"up":[{"embeddable":true,"href":"https:\/\/gesunde-gestaltung.de\/en_us\/wp-json\/wp\/v2\/pages\/2428"}],"wp:featuredmedia":[{"embeddable":true,"href":"https:\/\/gesunde-gestaltung.de\/en_us\/wp-json\/wp\/v2\/media\/2976"}],"wp:attachment":[{"href":"https:\/\/gesunde-gestaltung.de\/en_us\/wp-json\/wp\/v2\/media?parent=2981"}],"curies":[{"name":"wp","href":"https:\/\/api.w.org\/{rel}","templated":true}]}}